{"id":5923,"date":"2024-08-31T15:18:21","date_gmt":"2024-08-31T13:18:21","guid":{"rendered":"https:\/\/lasol-fotografie.com\/?page_id=5923"},"modified":"2024-10-02T09:32:24","modified_gmt":"2024-10-02T07:32:24","slug":"oesterreich","status":"publish","type":"page","link":"https:\/\/lasol-fotografie.com\/index.php\/oesterreich\/","title":{"rendered":"\u00d6sterreich"},"content":{"rendered":"<div data-colibri-id=\"5923-c1\" class=\"style-2371 style-local-5923-c1 position-relative\">\n  <!---->\n  <div data-colibri-component=\"section\" data-colibri-id=\"5923-c2\" id=\"galerie\" class=\"h-section h-section-global-spacing d-flex align-items-lg-center align-items-md-center align-items-center style-2372 style-local-5923-c2 position-relative\">\n    <!---->\n    <!---->\n    <div class=\"h-section-grid-container h-section-boxed-container\">\n      <!---->\n      <div data-colibri-id=\"5923-c3\" class=\"h-row-container gutters-row-lg-2 gutters-row-md-2 gutters-row-0 gutters-row-v-lg-2 gutters-row-v-md-2 gutters-row-v-2 style-2373 style-local-5923-c3 position-relative\">\n        <!---->\n        <div class=\"h-row justify-content-lg-center justify-content-md-center justify-content-center align-items-lg-stretch align-items-md-stretch align-items-stretch gutters-col-lg-2 gutters-col-md-2 gutters-col-0 gutters-col-v-lg-2 gutters-col-v-md-2 gutters-col-v-2\">\n          <!---->\n          <div class=\"h-column h-column-container d-flex h-col-lg-auto h-col-md-auto h-col-auto style-2374-outer style-local-5923-c4-outer\">\n            <div data-colibri-id=\"5923-c4\" class=\"d-flex h-flex-basis h-column__inner h-px-lg-2 h-px-md-2 h-px-2 v-inner-lg-2 v-inner-md-2 v-inner-2 style-2374 style-local-5923-c4 position-relative\">\n              <!---->\n              <!---->\n              <div class=\"w-100 h-y-container h-column__content h-column__v-align flex-basis-100 align-self-lg-start align-self-md-start align-self-start\">\n                <!---->\n                <div data-colibri-id=\"5923-c5\" class=\"h-global-transition-all h-heading style-2375 style-local-5923-c5 position-relative h-element\">\n                  <!---->\n                  <div class=\"h-heading__outer style-2375 style-local-5923-c5\">\n                    <!---->\n                    <!---->\n                    <h1 class=\"\">\u00d6sterreich<\/h1>\n                  <\/div>\n                <\/div>\n              <\/div>\n            <\/div>\n          <\/div>\n        <\/div>\n      <\/div>\n    <\/div>\n  <\/div>\n  <div data-colibri-component=\"section\" data-colibri-id=\"5923-c36\" id=\"custom-3\" class=\"h-section h-section-global-spacing d-flex align-items-lg-center align-items-md-center align-items-center style-2404 style-local-5923-c36 position-relative\">\n    <!---->\n    <!---->\n    <div class=\"h-section-grid-container h-section-boxed-container\">\n      <!---->\n      <div data-colibri-id=\"5923-c37\" class=\"h-row-container gutters-row-lg-2 gutters-row-md-2 gutters-row-0 gutters-row-v-lg-2 gutters-row-v-md-2 gutters-row-v-2 style-2405 style-local-5923-c37 position-relative\">\n        <!---->\n        <div class=\"h-row justify-content-lg-center justify-content-md-center justify-content-center align-items-lg-stretch align-items-md-stretch align-items-stretch gutters-col-lg-2 gutters-col-md-2 gutters-col-0 gutters-col-v-lg-2 gutters-col-v-md-2 gutters-col-v-2\">\n          <!---->\n          <div class=\"h-column h-column-container d-flex h-col-lg-auto h-col-md-auto h-col-auto style-2406-outer style-local-5923-c38-outer\">\n            <div data-colibri-id=\"5923-c38\" class=\"d-flex h-flex-basis h-column__inner h-px-lg-2 h-px-md-2 h-px-2 v-inner-lg-2 v-inner-md-2 v-inner-2 style-2406 style-local-5923-c38 position-relative\">\n              <!---->\n              <!---->\n              <div class=\"w-100 h-y-container h-column__content h-column__v-align flex-basis-100 align-self-lg-start align-self-md-start align-self-start\">\n                <!---->\n                <div data-colibri-id=\"5923-c39\" class=\"h-text h-text-component style-2407 style-local-5923-c39 position-relative h-element\">\n                  <!---->\n                  <!---->\n                  <div class=\"\">\n                    <p>Meine Reise nach \u00d6sterreich war ein unvergessliches Erlebnis, gepr\u00e4gt von atemberaubender Natur und charmanten Orten. Ein H\u00f6hepunkt war der Besuch von Gr\u00fcnberg am Traunsee, wo ich die faszinierenden Ausblicke auf den glitzernden Traunsee\n                      und die umliegenden Berge genoss. Die Region um Grundlsee war ein weiteres Juwel; ihre idyllischen Landschaften, umgeben von majest\u00e4tischen Alpen, luden zu Wanderungen und Erkundungen ein. In der Steiermark erlebte ich die Vielfalt\n                      der Natur, von dichten W\u00e4ldern bis hin zu sanften H\u00fcgeln, die das Herz der Region pr\u00e4gen. Schlie\u00dflich besuchte ich St. Lambrecht, ein malerisches Dorf, das von einer beeindruckenden Berglandschaft umgeben ist und mich mit seiner\n                      ruhigen Atmosph\u00e4re begeisterte. Diese Reise hat mir die nat\u00fcrliche Sch\u00f6nheit \u00d6sterreichs n\u00e4hergebracht und bleibende Erinnerungen hinterlassen.<\/p>\n                  <\/div>\n                <\/div>\n              <\/div>\n            <\/div>\n          <\/div>\n        <\/div>\n      <\/div>\n    <\/div>\n  <\/div>\n  <div data-colibri-component=\"section\" data-colibri-id=\"5923-c6\" id=\"portfolio\" class=\"h-section h-section-global-spacing d-flex align-items-lg-center align-items-md-center align-items-center style-2452 style-local-5923-c6 position-relative\">\n    <!---->\n    <!---->\n    <div class=\"h-section-grid-container h-section-boxed-container\">\n      <!---->\n      <div data-colibri-id=\"5923-c7\" class=\"h-row-container gutters-row-lg-2 gutters-row-md-2 gutters-row-2 gutters-row-v-lg-2 gutters-row-v-md-2 gutters-row-v-2 style-2453 style-local-5923-c7 position-relative\">\n        <!---->\n        <div class=\"h-row justify-content-lg-center justify-content-md-center justify-content-center align-items-lg-stretch align-items-md-stretch align-items-stretch gutters-col-lg-2 gutters-col-md-2 gutters-col-2 gutters-col-v-lg-2 gutters-col-v-md-2 gutters-col-v-2\">\n          <!---->\n          <div class=\"h-column h-column-container d-flex h-col-lg-4 h-col-md-6 h-col-12 style-2454-outer style-local-5923-c8-outer\">\n            <div data-colibri-id=\"5923-c8\" class=\"d-flex h-flex-basis h-column__inner h-px-lg-2 h-px-md-2 h-px-2 v-inner-lg-2 v-inner-md-2 v-inner-2 style-2454 style-local-5923-c8 position-relative\">\n              <div class=\"background-wrapper\">\n                <div class=\"background-layer background-layer-media-container-lg\">\n                  <!---->\n                  <div class=\"overlay-layer\">\n                    <div class=\"overlay-image-layer\" style=\"background-color: rgb(0, 0, 0); opacity: 0.5;\"><\/div>\n                  <\/div>\n                <\/div>\n                <div class=\"background-layer background-layer-media-container-md\">\n                  <!---->\n                  <div class=\"overlay-layer\">\n                    <div class=\"overlay-image-layer\" style=\"background-color: rgb(0, 0, 0); opacity: 0.5;\"><\/div>\n                  <\/div>\n                <\/div>\n                <div class=\"background-layer background-layer-media-container\">\n                  <!---->\n                  <div class=\"overlay-layer\">\n                    <div class=\"overlay-image-layer\" style=\"background-color: rgb(0, 0, 0); opacity: 0.5;\"><\/div>\n                  <\/div>\n                <\/div>\n              <\/div>\n              <!---->\n              <div class=\"w-100 h-y-container h-column__content h-column__v-align flex-basis-100 align-self-lg-center align-self-md-center align-self-center\">\n                <!---->\n                <div data-colibri-id=\"5923-c9\" class=\"h-x-container style-2455 style-local-5923-c9 position-relative h-element\">\n                  <!---->\n                  <div class=\"h-x-container-inner style-dynamic-5923-c9-group style-2455-spacing style-local-5923-c9-spacing\"><span class=\"h-button__outer style-2456-outer style-local-5923-c10-outer d-inline-flex h-element\"><a h-use-smooth-scroll=\"true\" href=\"https:\/\/lasol-fotografie.com\/index.php\/gruenberg-am-traunsee\/\"  data-colibri-id=\"5923-c10\" class=\"d-flex w-100 align-items-center h-button justify-content-lg-center justify-content-md-center justify-content-center style-2456 style-local-5923-c10 position-relative\"><!----><!----> <span>Gr\u00fcnberg am Traunsee<\/span><\/a>\n                    <\/span>\n                  <\/div>\n                <\/div>\n              <\/div>\n            <\/div>\n          <\/div>\n          <div class=\"h-column h-column-container d-flex h-col-lg-4 h-col-md-6 h-col-12 style-2457-outer style-local-5923-c11-outer\">\n            <div data-colibri-id=\"5923-c11\" class=\"d-flex h-flex-basis h-column__inner h-px-lg-2 h-px-md-2 h-px-2 v-inner-lg-2 v-inner-md-2 v-inner-2 style-2457 style-local-5923-c11 position-relative\">\n              <div class=\"background-wrapper\">\n                <div class=\"background-layer background-layer-media-container-lg\">\n                  <!---->\n                  <div class=\"overlay-layer\">\n                    <div class=\"overlay-image-layer\" style=\"background-color: rgb(0, 0, 0); opacity: 0.5;\"><\/div>\n                  <\/div>\n                <\/div>\n                <div class=\"background-layer background-layer-media-container-md\">\n                  <!---->\n                  <div class=\"overlay-layer\">\n                    <div class=\"overlay-image-layer\" style=\"background-color: rgb(0, 0, 0); opacity: 0.5;\"><\/div>\n                  <\/div>\n                <\/div>\n                <div class=\"background-layer background-layer-media-container\">\n                  <!---->\n                  <div class=\"overlay-layer\">\n                    <div class=\"overlay-image-layer\" style=\"background-color: rgb(0, 0, 0); opacity: 0.5;\"><\/div>\n                  <\/div>\n                <\/div>\n              <\/div>\n              <!---->\n              <div class=\"w-100 h-y-container h-column__content h-column__v-align flex-basis-100 align-self-lg-center align-self-md-center align-self-center\">\n                <!---->\n                <div data-colibri-id=\"5923-c12\" class=\"h-x-container style-2455 style-local-5923-c12 position-relative h-element\">\n                  <!---->\n                  <div class=\"h-x-container-inner style-dynamic-5923-c12-group style-2455-spacing style-local-5923-c12-spacing\"><span class=\"h-button__outer style-2456-outer style-local-5923-c13-outer d-inline-flex h-element\"><a h-use-smooth-scroll=\"true\" href=\"https:\/\/lasol-fotografie.com\/index.php\/grundlsee\/\"  data-colibri-id=\"5923-c13\" class=\"d-flex w-100 align-items-center h-button justify-content-lg-center justify-content-md-center justify-content-center style-2456 style-local-5923-c13 position-relative\"><!----><!----> <span>Grundlsee<\/span><\/a>\n                    <\/span>\n                  <\/div>\n                <\/div>\n              <\/div>\n            <\/div>\n          <\/div>\n          <div class=\"h-column h-column-container d-flex h-col-lg-4 h-col-md-6 h-col-12 style-2458-outer style-local-5923-c14-outer\">\n            <div data-colibri-id=\"5923-c14\" class=\"d-flex h-flex-basis h-column__inner h-px-lg-2 h-px-md-2 h-px-2 v-inner-lg-2 v-inner-md-2 v-inner-2 style-2458 style-local-5923-c14 position-relative\">\n              <div class=\"background-wrapper\">\n                <div class=\"background-layer background-layer-media-container-lg\">\n                  <!---->\n                  <div class=\"overlay-layer\">\n                    <div class=\"overlay-image-layer\" style=\"background-color: rgb(0, 0, 0); opacity: 0.5;\"><\/div>\n                  <\/div>\n                <\/div>\n                <div class=\"background-layer background-layer-media-container-md\">\n                  <!---->\n                  <div class=\"overlay-layer\">\n                    <div class=\"overlay-image-layer\" style=\"background-color: rgb(0, 0, 0); opacity: 0.5;\"><\/div>\n                  <\/div>\n                <\/div>\n                <div class=\"background-layer background-layer-media-container\">\n                  <!---->\n                  <div class=\"overlay-layer\">\n                    <div class=\"overlay-image-layer\" style=\"background-color: rgb(0, 0, 0); opacity: 0.5;\"><\/div>\n                  <\/div>\n                <\/div>\n              <\/div>\n              <!---->\n              <div class=\"w-100 h-y-container h-column__content h-column__v-align flex-basis-100 align-self-lg-center align-self-md-center align-self-center\">\n                <!---->\n                <div data-colibri-id=\"5923-c15\" class=\"h-x-container style-2455 style-local-5923-c15 position-relative h-element\">\n                  <!---->\n                  <div class=\"h-x-container-inner style-dynamic-5923-c15-group style-2455-spacing style-local-5923-c15-spacing\"><span class=\"h-button__outer style-2456-outer style-local-5923-c16-outer d-inline-flex h-element\"><a h-use-smooth-scroll=\"true\" href=\"https:\/\/lasol-fotografie.com\/index.php\/in-der-steiermark\/\"  data-colibri-id=\"5923-c16\" class=\"d-flex w-100 align-items-center h-button justify-content-lg-center justify-content-md-center justify-content-center style-2456 style-local-5923-c16 position-relative\"><!----><!----> <span>in der Steiermark <\/span><\/a>\n                    <\/span>\n                  <\/div>\n                <\/div>\n              <\/div>\n            <\/div>\n          <\/div>\n        <\/div>\n      <\/div>\n    <\/div>\n  <\/div>\n  <div data-colibri-component=\"section\" data-colibri-id=\"5923-c17\" id=\"portfolio-2\" class=\"h-section h-section-global-spacing d-flex align-items-lg-center align-items-md-center align-items-center style-2463 style-local-5923-c17 position-relative\">\n    <!---->\n    <!---->\n    <div class=\"h-section-grid-container h-section-boxed-container\">\n      <!---->\n      <div data-colibri-id=\"5923-c18\" class=\"h-row-container gutters-row-lg-2 gutters-row-md-2 gutters-row-2 gutters-row-v-lg-2 gutters-row-v-md-2 gutters-row-v-2 style-2464 style-local-5923-c18 position-relative\">\n        <!---->\n        <div class=\"h-row justify-content-lg-center justify-content-md-center justify-content-center align-items-lg-stretch align-items-md-stretch align-items-stretch gutters-col-lg-2 gutters-col-md-2 gutters-col-2 gutters-col-v-lg-2 gutters-col-v-md-2 gutters-col-v-2\">\n          <!---->\n          <div class=\"h-column h-column-container d-flex h-col-lg-4 h-col-md-6 h-col-12 style-2465-outer style-local-5923-c19-outer\">\n            <div data-colibri-id=\"5923-c19\" class=\"d-flex h-flex-basis h-column__inner h-px-lg-2 h-px-md-2 h-px-2 v-inner-lg-2 v-inner-md-2 v-inner-2 style-2465 style-local-5923-c19 position-relative\">\n              <div class=\"background-wrapper\">\n                <div class=\"background-layer background-layer-media-container-lg\">\n                  <!---->\n                  <div class=\"overlay-layer\">\n                    <div class=\"overlay-image-layer\" style=\"background-color: rgb(0, 0, 0); opacity: 0.5;\"><\/div>\n                  <\/div>\n                <\/div>\n                <div class=\"background-layer background-layer-media-container-md\">\n                  <!---->\n                  <div class=\"overlay-layer\">\n                    <div class=\"overlay-image-layer\" style=\"background-color: rgb(0, 0, 0); opacity: 0.5;\"><\/div>\n                  <\/div>\n                <\/div>\n                <div class=\"background-layer background-layer-media-container\">\n                  <!---->\n                  <div class=\"overlay-layer\">\n                    <div class=\"overlay-image-layer\" style=\"background-color: rgb(0, 0, 0); opacity: 0.5;\"><\/div>\n                  <\/div>\n                <\/div>\n              <\/div>\n              <!---->\n              <div class=\"w-100 h-y-container h-column__content h-column__v-align flex-basis-100 align-self-lg-center align-self-md-center align-self-center\">\n                <!---->\n                <div data-colibri-id=\"5923-c20\" class=\"h-x-container style-2466 style-local-5923-c20 position-relative h-element\">\n                  <!---->\n                  <div class=\"h-x-container-inner style-dynamic-5923-c20-group style-2466-spacing style-local-5923-c20-spacing\"><span class=\"h-button__outer style-2467-outer style-local-5923-c21-outer d-inline-flex h-element\"><a h-use-smooth-scroll=\"true\" href=\"https:\/\/lasol-fotografie.com\/index.php\/st-lambrecht\/\"  data-colibri-id=\"5923-c21\" class=\"d-flex w-100 align-items-center h-button justify-content-lg-center justify-content-md-center justify-content-center style-2467 style-local-5923-c21 position-relative\"><!----><!----> <span>St. Lambrecht <\/span><\/a>\n                    <\/span>\n                  <\/div>\n                <\/div>\n              <\/div>\n            <\/div>\n          <\/div>\n        <\/div>\n      <\/div>\n    <\/div>\n  <\/div>\n  <div data-colibri-component=\"section\" data-colibri-id=\"5923-c22\" id=\"startseite\" class=\"h-section h-section-global-spacing d-flex align-items-lg-center align-items-md-center align-items-center style-2399 style-local-5923-c22 position-relative\">\n    <!---->\n    <!---->\n    <div class=\"h-section-grid-container h-section-boxed-container\">\n      <!---->\n      <div data-colibri-id=\"5923-c23\" class=\"h-row-container gutters-row-lg-2 gutters-row-md-2 gutters-row-0 gutters-row-v-lg-2 gutters-row-v-md-2 gutters-row-v-2 style-2400 style-local-5923-c23 position-relative\">\n        <!---->\n        <div class=\"h-row justify-content-lg-center justify-content-md-center justify-content-center align-items-lg-stretch align-items-md-stretch align-items-stretch gutters-col-lg-2 gutters-col-md-2 gutters-col-0 gutters-col-v-lg-2 gutters-col-v-md-2 gutters-col-v-2\">\n          <!---->\n          <div class=\"h-column h-column-container d-flex h-col-lg-auto h-col-md-auto h-col-auto style-2401-outer style-local-5923-c24-outer\">\n            <div data-colibri-id=\"5923-c24\" class=\"d-flex h-flex-basis h-column__inner h-px-lg-2 h-px-md-2 h-px-2 v-inner-lg-2 v-inner-md-2 v-inner-2 style-2401 style-local-5923-c24 position-relative\">\n              <!---->\n              <!---->\n              <div class=\"w-100 h-y-container h-column__content h-column__v-align flex-basis-100 align-self-lg-start align-self-md-start align-self-start\">\n                <!---->\n                <div data-colibri-id=\"5923-c25\" class=\"h-x-container style-2402 style-local-5923-c25 position-relative h-element\">\n                  <!---->\n                  <div class=\"h-x-container-inner style-dynamic-5923-c25-group style-2402-spacing style-local-5923-c25-spacing\"><span class=\"h-button__outer style-2403-outer style-local-5923-c26-outer d-inline-flex h-element\"><a h-use-smooth-scroll=\"true\" href=\"https:\/\/lasol-fotografie.com\/index.php\/kroatien\/\"  data-colibri-id=\"5923-c26\" class=\"d-flex w-100 align-items-center h-button justify-content-lg-center justify-content-md-center justify-content-center style-2403 style-local-5923-c26 position-relative\"><!----><!----> <span>Kroatien<\/span><\/a>\n                    <\/span>\n                  <\/div>\n                <\/div>\n              <\/div>\n            <\/div>\n          <\/div>\n        <\/div>\n      <\/div>\n    <\/div>\n  <\/div>\n  <div data-colibri-component=\"section\" data-colibri-id=\"5923-c27\" id=\"custom-3\" class=\"h-section h-section-global-spacing d-flex align-items-lg-center align-items-md-center align-items-center style-2404 style-local-5923-c27 position-relative\">\n    <!---->\n    <!---->\n    <div class=\"h-section-grid-container h-section-boxed-container\">\n      <!---->\n      <div data-colibri-id=\"5923-c28\" class=\"h-row-container gutters-row-lg-2 gutters-row-md-2 gutters-row-0 gutters-row-v-lg-2 gutters-row-v-md-2 gutters-row-v-2 style-2405 style-local-5923-c28 position-relative\">\n        <!---->\n        <div class=\"h-row justify-content-lg-center justify-content-md-center justify-content-center align-items-lg-stretch align-items-md-stretch align-items-stretch gutters-col-lg-2 gutters-col-md-2 gutters-col-0 gutters-col-v-lg-2 gutters-col-v-md-2 gutters-col-v-2\">\n          <!---->\n          <div class=\"h-column h-column-container d-flex h-col-lg-auto h-col-md-auto h-col-auto style-2406-outer style-local-5923-c29-outer\">\n            <div data-colibri-id=\"5923-c29\" class=\"d-flex h-flex-basis h-column__inner h-px-lg-2 h-px-md-2 h-px-2 v-inner-lg-2 v-inner-md-2 v-inner-2 style-2406 style-local-5923-c29 position-relative\">\n              <!---->\n              <!---->\n              <div class=\"w-100 h-y-container h-column__content h-column__v-align flex-basis-100 align-self-lg-start align-self-md-start align-self-start\">\n                <!---->\n                <div data-colibri-id=\"5923-c30\" class=\"h-text h-text-component style-2407 style-local-5923-c30 position-relative h-element\">\n                  <!---->\n                  <!---->\n                  <div class=\"\">\n                    <p>Sind Sie interessiert, kontaktieren Sie mich gerne \u00fcber das&nbsp;\n                      <a href=\"https:\/\/lasol-fotografie.com\/index.php\/kontaktformular\" style=\"color: var(--accent-color);\" draggable=\"false\">Kontaktformular<\/a>&nbsp;oder<\/p>\n                    <p>direkt per E-Mail: kontakt@lasol-fotografie.com.<\/p>\n                  <\/div>\n                <\/div>\n              <\/div>\n            <\/div>\n          <\/div>\n        <\/div>\n      <\/div>\n    <\/div>\n  <\/div>\n  <div data-colibri-component=\"section\" data-colibri-id=\"5923-c31\" id=\"startseite\" class=\"h-section h-section-global-spacing d-flex align-items-lg-center align-items-md-center align-items-center style-2399 style-local-5923-c31 position-relative\">\n    <!---->\n    <!---->\n    <div class=\"h-section-grid-container h-section-boxed-container\">\n      <!---->\n      <div data-colibri-id=\"5923-c32\" class=\"h-row-container gutters-row-lg-2 gutters-row-md-2 gutters-row-0 gutters-row-v-lg-2 gutters-row-v-md-2 gutters-row-v-2 style-2400 style-local-5923-c32 position-relative\">\n        <!---->\n        <div class=\"h-row justify-content-lg-center justify-content-md-center justify-content-center align-items-lg-stretch align-items-md-stretch align-items-stretch gutters-col-lg-2 gutters-col-md-2 gutters-col-0 gutters-col-v-lg-2 gutters-col-v-md-2 gutters-col-v-2\">\n          <!---->\n          <div class=\"h-column h-column-container d-flex h-col-lg-auto h-col-md-auto h-col-auto style-2401-outer style-local-5923-c33-outer\">\n            <div data-colibri-id=\"5923-c33\" class=\"d-flex h-flex-basis h-column__inner h-px-lg-2 h-px-md-2 h-px-2 v-inner-lg-2 v-inner-md-2 v-inner-2 style-2401 style-local-5923-c33 position-relative\">\n              <!---->\n              <!---->\n              <div class=\"w-100 h-y-container h-column__content h-column__v-align flex-basis-100 align-self-lg-start align-self-md-start align-self-start\">\n                <!---->\n                <div data-colibri-id=\"5923-c34\" class=\"h-x-container style-2402 style-local-5923-c34 position-relative h-element\">\n                  <!---->\n                  <div class=\"h-x-container-inner style-dynamic-5923-c34-group style-2402-spacing style-local-5923-c34-spacing\"><span class=\"h-button__outer style-2403-outer style-local-5923-c35-outer d-inline-flex h-element\"><a h-use-smooth-scroll=\"true\" href=\"https:\/\/lasol-fotografie.com\/\"  data-colibri-id=\"5923-c35\" class=\"d-flex w-100 align-items-center h-button justify-content-lg-center justify-content-md-center justify-content-center style-2403 style-local-5923-c35 position-relative\"><!----><!----> <span>Startseite<\/span><\/a>\n                    <\/span>\n                  <\/div>\n                <\/div>\n              <\/div>\n            <\/div>\n          <\/div>\n        <\/div>\n      <\/div>\n    <\/div>\n  <\/div>\n<\/div>","protected":false},"excerpt":{"rendered":"<p>\u00d6sterreich Meine Reise nach \u00d6sterreich war ein unvergessliches Erlebnis, gepr\u00e4gt von atemberaubender Natur und charmanten Orten. Ein H\u00f6hepunkt war der Besuch von Gr\u00fcnberg am Traunsee, wo ich die faszinierenden Ausblicke auf den glitzernden Traunsee und die umliegenden Berge genoss. Die Region um Grundlsee war ein weiteres Juwel; ihre idyllischen Landschaften, umgeben von majest\u00e4tischen Alpen, luden [&hellip;]<\/p>\n","protected":false},"author":1,"featured_media":0,"parent":0,"menu_order":0,"comment_status":"closed","ping_status":"closed","template":"page-templates\/full-width-page.php","meta":{"footnotes":""},"class_list":["post-5923","page","type-page","status-publish","hentry"],"_links":{"self":[{"href":"https:\/\/lasol-fotografie.com\/index.php\/wp-json\/wp\/v2\/pages\/5923","targetHints":{"allow":["GET"]}}],"collection":[{"href":"https:\/\/lasol-fotografie.com\/index.php\/wp-json\/wp\/v2\/pages"}],"about":[{"href":"https:\/\/lasol-fotografie.com\/index.php\/wp-json\/wp\/v2\/types\/page"}],"author":[{"embeddable":true,"href":"https:\/\/lasol-fotografie.com\/index.php\/wp-json\/wp\/v2\/users\/1"}],"replies":[{"embeddable":true,"href":"https:\/\/lasol-fotografie.com\/index.php\/wp-json\/wp\/v2\/comments?post=5923"}],"version-history":[{"count":6,"href":"https:\/\/lasol-fotografie.com\/index.php\/wp-json\/wp\/v2\/pages\/5923\/revisions"}],"predecessor-version":[{"id":6614,"href":"https:\/\/lasol-fotografie.com\/index.php\/wp-json\/wp\/v2\/pages\/5923\/revisions\/6614"}],"wp:attachment":[{"href":"https:\/\/lasol-fotografie.com\/index.php\/wp-json\/wp\/v2\/media?parent=5923"}],"curies":[{"name":"wp","href":"https:\/\/api.w.org\/{rel}","templated":true}]}}